{"id":1392,"date":"2022-02-27T12:40:50","date_gmt":"2022-02-27T11:40:50","guid":{"rendered":"https:\/\/poradniaplock2.pl\/?page_id=1392"},"modified":"2022-02-27T13:05:09","modified_gmt":"2022-02-27T12:05:09","slug":"1392-2","status":"publish","type":"page","link":"https:\/\/poradniaplock2.pl\/?page_id=1392","title":{"rendered":""},"content":{"rendered":"\n<p>Specjalistyczne wsparcie w sytuacjach kryzysowych<\/p>\n\n\n\n<p>Informujemy,<strong><em> <\/em><\/strong>i\u017c w zwi\u0105zku z zaistnia\u0142\u0105 sytuacj\u0105 mi\u0119dzynarodow\u0105, w celu wsparcia Pa\u0144stwa i Waszych dzieci, udost\u0119pniamy Pa\u0144stwu linki do szkole\u0144 i artyku\u0142\u00f3w oraz zapraszamy do zapoznania si\u0119 z opracowaniami naszych specjalist\u00f3w, kt\u00f3re mog\u0105 wspom\u00f3c Pa\u0144stwa w rozmowach z dzie\u0107mi.<\/p>\n\n\n\n<div data-wp-interactive=\"core\/file\" class=\"wp-block-file\"><object data-wp-bind--hidden=\"!state.hasPdfPreview\" hidden class=\"wp-block-file__embed\" data=\"https:\/\/poradniaplock2.pl\/wp-content\/uploads\/2022\/02\/Jak-rozmawiac\u0301-o-wojnie-wskazo\u0301wki-metodyczne.pdf\" type=\"application\/pdf\" style=\"width:100%;height:600px\" aria-label=\"Osadzone z Osadzone z Jak-rozmawiac\u0301-o-wojnie-wskazo\u0301wki-metodyczne..\"><\/object><a id=\"wp-block-file--media-dcc390cb-93f0-4e02-b03b-04e76866fc8c\" href=\"https:\/\/poradniaplock2.pl\/wp-content\/uploads\/2022\/02\/Jak-rozmawiac\u0301-o-wojnie-wskazo\u0301wki-metodyczne.pdf\" target=\"_blank\" rel=\"noreferrer noopener\">Jak-rozmawiac\u0301-o-wojnie-wskazo\u0301wki-metodyczne<\/a><a href=\"https:\/\/poradniaplock2.pl\/wp-content\/uploads\/2022\/02\/Jak-rozmawiac\u0301-o-wojnie-wskazo\u0301wki-metodyczne.pdf\" class=\"wp-block-file__button\" download aria-describedby=\"wp-block-file--media-dcc390cb-93f0-4e02-b03b-04e76866fc8c\">Pobierz<\/a><\/div>\n\n\n\n<figure class=\"wp-block-embed is-type-video is-provider-youtube wp-block-embed-youtube wp-embed-aspect-16-9 wp-has-aspect-ratio\"><div class=\"wp-block-embed__wrapper\">\n<iframe loading=\"lazy\" title=\"Jak rozmawia\u0107 z dzieckiem o wojnie? | Fundacja S\u0142onie na Balkonie\" width=\"750\" height=\"422\" src=\"https:\/\/www.youtube.com\/embed\/qcgm6baCkmA?feature=oembed\" frameborder=\"0\" allow=\"accelerometer; autoplay; clipboard-write; encrypted-media; gyroscope; picture-in-picture\" allowfullscreen><\/iframe>\n<\/div><\/figure>\n\n\n\n<figure class=\"wp-block-embed is-type-wp-embed is-provider-magazyn-kosmos-dla-doroslych wp-block-embed-magazyn-kosmos-dla-doroslych\"><div class=\"wp-block-embed__wrapper\">\n<blockquote class=\"wp-embedded-content\" data-secret=\"9HQ0D18UoF\"><a href=\"https:\/\/kosmosdladoroslych.pl\/relacje\/jak-rozmawiac-z-dziecmi-o-ich-przyszlosci\/\">Jak rozmawia\u0107 z dzie\u0107mi o ich przysz\u0142o\u015bci i nie pyta\u0107 wci\u0105\u017c, kim chc\u0105 by\u0107, gdy dorosn\u0105<\/a><\/blockquote><iframe loading=\"lazy\" class=\"wp-embedded-content\" sandbox=\"allow-scripts\" security=\"restricted\" style=\"position: absolute; clip: rect(1px, 1px, 1px, 1px);\" title=\"&#8222;Jak rozmawia\u0107 z dzie\u0107mi o ich przysz\u0142o\u015bci i nie pyta\u0107 wci\u0105\u017c, kim chc\u0105 by\u0107, gdy dorosn\u0105&#8221; &#8212; Magazyn Kosmos dla doros\u0142ych\" src=\"https:\/\/kosmosdladoroslych.pl\/relacje\/jak-rozmawiac-z-dziecmi-o-ich-przyszlosci\/embed\/#?secret=9HQ0D18UoF\" data-secret=\"9HQ0D18UoF\" width=\"600\" height=\"338\" frameborder=\"0\" marginwidth=\"0\" marginheight=\"0\" scrolling=\"no\"><\/iframe>\n<\/div><\/figure>\n\n\n\n<figure class=\"wp-block-embed is-type-wp-embed is-provider-dziecieca-psychologia wp-block-embed-dziecieca-psychologia\"><div class=\"wp-block-embed__wrapper\">\n<blockquote class=\"wp-embedded-content\" data-secret=\"2Dyi9ur8L9\"><a href=\"https:\/\/dzieciecapsychologia.pl\/jak-wspierac-i-czy-rozmawiac-z-dziecmi-o-wojnie-w-ukrainie\/\">Jak wspiera\u0107  i (czy) rozmawia\u0107 z dzie\u0107mi o wojnie w Ukrainie?<\/a><\/blockquote><iframe loading=\"lazy\" class=\"wp-embedded-content\" sandbox=\"allow-scripts\" security=\"restricted\" style=\"position: absolute; clip: rect(1px, 1px, 1px, 1px);\" title=\"&#8222;Jak wspiera\u0107  i (czy) rozmawia\u0107 z dzie\u0107mi o wojnie w Ukrainie?&#8221; &#8212; Dzieci\u0119ca psychologia\" src=\"https:\/\/dzieciecapsychologia.pl\/jak-wspierac-i-czy-rozmawiac-z-dziecmi-o-wojnie-w-ukrainie\/embed\/#?secret=2Dyi9ur8L9\" data-secret=\"2Dyi9ur8L9\" width=\"600\" height=\"338\" frameborder=\"0\" marginwidth=\"0\" marginheight=\"0\" scrolling=\"no\"><\/iframe>\n<\/div><\/figure>\n\n\n\n<p><a href=\"https:\/\/znp.edu.pl\/poradnik-jak-rozmawiac-o-wojnie-w-ukrainie-w-szkole\/?fbclid=IwAR0l9DAirK4Kf-5AF-1urZSX4NM5V1ICY0-qmj2R8qo2IFYlPuVc9ZYl_fI\">https:\/\/znp.edu.pl\/poradnik-jak-rozmawiac-o-wojnie-w-ukrainie-w-szkole\/?fbclid=IwAR0l9DAirK4Kf-5AF-1urZSX4NM5V1ICY0-qmj2R8qo2IFYlPuVc9ZYl_fI<\/a><\/p>\n\n\n\n<p><a href=\"https:\/\/www.facebook.com\/mariolakurczynskapl\/posts\/539937307488722\">https:\/\/www.facebook.com\/mariolakurczynskapl\/posts\/539937307488722<\/a><\/p>\n\n\n\n<p><a href=\"https:\/\/www.facebook.com\/ZaufanyTerapeutaPL\/videos\/1100166317449930\/\">https:\/\/www.facebook.com\/ZaufanyTerapeutaPL\/videos\/1100166317449930\/<\/a><\/p>\n\n\n\n<p><a href=\"https:\/\/www.facebook.com\/MaleCharaktery\/videos\/3200595576844112\">https:\/\/www.facebook.com\/MaleCharaktery\/videos\/3200595576844112<\/a><\/p>\n\n\n\n<p><a href=\"https:\/\/www.facebook.com\/szkolaedukacji\/videos\/482555196807284\/\">https:\/\/www.facebook.com\/szkolaedukacji\/videos\/482555196807284\/<\/a><\/p>\n\n\n\n<p><a href=\"https:\/\/www.facebook.com\/watch\/live\/?ref=watch_permalink&amp;v=288906039997950\">https:\/\/www.facebook.com\/watch\/live\/?ref=watch_permalink&amp;v=288906039997950<\/a><\/p>\n\n\n\n<p>Opracowania naszych specjalist\u00f3w: <\/p>\n\n\n\n<p><a rel=\"noreferrer noopener\" href=\"http:\/\/www.poradnia.ugu.pl\/pomoc\/nadzieja.pdf\" target=\"_blank\">Po co komu nadzieja<\/a><\/p>\n\n\n\n<p><a rel=\"noreferrer noopener\" href=\"http:\/\/www.poradnia.ugu.pl\/pomoc\/Koronawirus.pdf\" target=\"_blank\">W obliczu zmian<\/a><\/p>\n\n\n\n<p><a rel=\"noreferrer noopener\" href=\"http:\/\/www.poradnia.ugu.pl\/pomoc\/lek.pdf\" target=\"_blank\">Jak oswoi\u0107 l\u0119k u dziecka<\/a><\/p>\n\n\n\n<p>Podajemy r\u00f3wnie\u017c informacj\u0119 od Prezydenta Miasta P\u0142ocka.<\/p>\n\n\n\n<p><a href=\"https:\/\/www.facebook.com\/Andrzej.Nowakowski.Prezydent.Miasta.Plocka\/posts\/494472412050755\">https:\/\/www.facebook.com\/Andrzej.Nowakowski.Prezydent.Miasta.Plocka\/posts\/494472412050755<\/a><\/p>\n","protected":false},"excerpt":{"rendered":"<p>Specjalistyczne wsparcie w sytuacjach kryzysowych Informujemy, i\u017c w zwi\u0105zku z zaistnia\u0142\u0105 sytuacj\u0105 mi\u0119dzynarodow\u0105, w celu wsparcia Pa\u0144stwa i Waszych dzieci, udost\u0119pniamy Pa\u0144stwu linki do szkole\u0144 i artyku\u0142\u00f3w oraz zapraszamy do zapoznania si\u0119 z opracowaniami naszych specjalist\u00f3w, kt\u00f3re mog\u0105 wspom\u00f3c Pa\u0144stwa w rozmowach z dzie\u0107mi. https:\/\/znp.edu.pl\/poradnik-jak-rozmawiac-o-wojnie-w-ukrainie-w-szkole\/?fbclid=IwAR0l9DAirK4Kf-5AF-1urZSX4NM5V1ICY0-qmj2R8qo2IFYlPuVc9ZYl_fI https:\/\/www.facebook.com\/mariolakurczynskapl\/posts\/539937307488722 https:\/\/www.facebook.com\/ZaufanyTerapeutaPL\/videos\/1100166317449930\/ https:\/\/www.facebook.com\/MaleCharaktery\/videos\/3200595576844112 https:\/\/www.facebook.com\/szkolaedukacji\/videos\/482555196807284\/ https:\/\/www.facebook.com\/watch\/live\/?ref=watch_permalink&amp;v=288906039997950 [&hellip;]<\/p>\n","protected":false},"author":1,"featured_media":1399,"parent":0,"menu_order":0,"comment_status":"closed","ping_status":"closed","template":"","meta":{"_monsterinsights_skip_tracking":false,"_monsterinsights_sitenote_active":false,"_monsterinsights_sitenote_note":"","_monsterinsights_sitenote_category":0,"_themeisle_gutenberg_block_has_review":false,"footnotes":""},"class_list":["post-1392","page","type-page","status-publish","has-post-thumbnail","hentry"],"_links":{"self":[{"href":"https:\/\/poradniaplock2.pl\/index.php?rest_route=\/wp\/v2\/pages\/1392","targetHints":{"allow":["GET"]}}],"collection":[{"href":"https:\/\/poradniaplock2.pl\/index.php?rest_route=\/wp\/v2\/pages"}],"about":[{"href":"https:\/\/poradniaplock2.pl\/index.php?rest_route=\/wp\/v2\/types\/page"}],"author":[{"embeddable":true,"href":"https:\/\/poradniaplock2.pl\/index.php?rest_route=\/wp\/v2\/users\/1"}],"replies":[{"embeddable":true,"href":"https:\/\/poradniaplock2.pl\/index.php?rest_route=%2Fwp%2Fv2%2Fcomments&post=1392"}],"version-history":[{"count":2,"href":"https:\/\/poradniaplock2.pl\/index.php?rest_route=\/wp\/v2\/pages\/1392\/revisions"}],"predecessor-version":[{"id":1398,"href":"https:\/\/poradniaplock2.pl\/index.php?rest_route=\/wp\/v2\/pages\/1392\/revisions\/1398"}],"wp:featuredmedia":[{"embeddable":true,"href":"https:\/\/poradniaplock2.pl\/index.php?rest_route=\/wp\/v2\/media\/1399"}],"wp:attachment":[{"href":"https:\/\/poradniaplock2.pl\/index.php?rest_route=%2Fwp%2Fv2%2Fmedia&parent=1392"}],"curies":[{"name":"wp","href":"https:\/\/api.w.org\/{rel}","templated":true}]}}