{"id":287,"date":"2019-04-19T20:20:44","date_gmt":"2019-04-19T18:20:44","guid":{"rendered":"http:\/\/poradniaplock2.pl\/index.php\/hestia-front\/"},"modified":"2022-02-26T21:58:00","modified_gmt":"2022-02-26T20:58:00","slug":"hestia-front","status":"publish","type":"page","link":"https:\/\/poradniaplock2.pl\/","title":{"rendered":""},"content":{"rendered":"\n<p>Specjalistyczne wsparcie w sytuacjach kryzysowych<\/p>\n\n\n\n<p>Informujemy,<strong><em> <\/em><\/strong>i\u017c w zwi\u0105zku z zaistnia\u0142\u0105 sytuacj\u0105 mi\u0119dzynarodow\u0105, w celu wsparcia Pa\u0144stwa i Waszych dzieci, udost\u0119pniamy Pa\u0144stwu link do szkolenia oraz zapraszamy do zapoznania si\u0119 z artyku\u0142ami, kt\u00f3re to mog\u0105 wspom\u00f3c Pa\u0144stwa w rozmowach z dzie\u0107mi.<\/p>\n\n\n\n<p><a href=\"https:\/\/www.facebook.com\/fundacjaCEO\/videos\/288906039997950\/?__tn__=F\">https:\/\/www.facebook.com\/fundacjaCEO\/videos\/288906039997950\/?__tn__=F<\/a><\/p>\n\n\n\n<p>Artyku\u0142: \u201e<a rel=\"noreferrer noopener\" href=\"http:\/\/www.poradnia.ugu.pl\/pomoc\/nadzieja.pdf\" target=\"_blank\">Po co komu nadzieja<\/a>\u201d, \u201e<a rel=\"noreferrer noopener\" href=\"http:\/\/www.poradnia.ugu.pl\/pomoc\/Koronawirus.pdf\" target=\"_blank\">W obliczu zmian<\/a>\u201d, \u201e<a rel=\"noreferrer noopener\" href=\"http:\/\/www.poradnia.ugu.pl\/pomoc\/lek.pdf\" target=\"_blank\">Jak oswoi\u0107 l\u0119k u dziecka\u201d<\/a>.<\/p>\n\n\n\n<p>Podajemy r\u00f3wnie\u017c informacj\u0119 od Prezydenta Miasta P\u0142ocka.<\/p>\n\n\n\n<p><a href=\"https:\/\/www.facebook.com\/Andrzej.Nowakowski.Prezydent.Miasta.Plocka\/posts\/494472412050755\">https:\/\/www.facebook.com\/Andrzej.Nowakowski.Prezydent.Miasta.Plocka\/posts\/494472412050755<\/a><\/p>\n","protected":false},"excerpt":{"rendered":"<p>Specjalistyczne wsparcie w sytuacjach kryzysowych Informujemy, i\u017c w zwi\u0105zku z zaistnia\u0142\u0105 sytuacj\u0105 mi\u0119dzynarodow\u0105, w celu wsparcia Pa\u0144stwa i Waszych dzieci, udost\u0119pniamy Pa\u0144stwu link do szkolenia oraz zapraszamy do zapoznania si\u0119 z artyku\u0142ami, kt\u00f3re to mog\u0105 wspom\u00f3c Pa\u0144stwa w rozmowach z dzie\u0107mi. https:\/\/www.facebook.com\/fundacjaCEO\/videos\/288906039997950\/?__tn__=F Artyku\u0142: \u201ePo co komu nadzieja\u201d, \u201eW obliczu zmian\u201d, [&hellip;]<\/p>\n","protected":false},"author":1,"featured_media":0,"parent":0,"menu_order":0,"comment_status":"open","ping_status":"closed","template":"","meta":{"_monsterinsights_skip_tracking":false,"_monsterinsights_sitenote_active":false,"_monsterinsights_sitenote_note":"","_monsterinsights_sitenote_category":0,"_themeisle_gutenberg_block_has_review":false,"footnotes":""},"class_list":["post-287","page","type-page","status-publish","hentry"],"_links":{"self":[{"href":"https:\/\/poradniaplock2.pl\/index.php?rest_route=\/wp\/v2\/pages\/287","targetHints":{"allow":["GET"]}}],"collection":[{"href":"https:\/\/poradniaplock2.pl\/index.php?rest_route=\/wp\/v2\/pages"}],"about":[{"href":"https:\/\/poradniaplock2.pl\/index.php?rest_route=\/wp\/v2\/types\/page"}],"author":[{"embeddable":true,"href":"https:\/\/poradniaplock2.pl\/index.php?rest_route=\/wp\/v2\/users\/1"}],"replies":[{"embeddable":true,"href":"https:\/\/poradniaplock2.pl\/index.php?rest_route=%2Fwp%2Fv2%2Fcomments&post=287"}],"version-history":[{"count":11,"href":"https:\/\/poradniaplock2.pl\/index.php?rest_route=\/wp\/v2\/pages\/287\/revisions"}],"predecessor-version":[{"id":1390,"href":"https:\/\/poradniaplock2.pl\/index.php?rest_route=\/wp\/v2\/pages\/287\/revisions\/1390"}],"wp:attachment":[{"href":"https:\/\/poradniaplock2.pl\/index.php?rest_route=%2Fwp%2Fv2%2Fmedia&parent=287"}],"curies":[{"name":"wp","href":"https:\/\/api.w.org\/{rel}","templated":true}]}}