{"id":55,"date":"2019-04-16T18:05:33","date_gmt":"2019-04-16T16:05:33","guid":{"rendered":"http:\/\/poradniaplock2.pl\/?page_id=55"},"modified":"2019-04-16T21:20:56","modified_gmt":"2019-04-16T19:20:56","slug":"o-nas","status":"publish","type":"page","link":"https:\/\/poradniaplock2.pl\/?page_id=55","title":{"rendered":"O nas"},"content":{"rendered":"\n<p>Poradnia Psychologiczno &#8211; Pedagogiczna nr 2 w P\u0142ocku \u015bwiadczy&nbsp;<strong>bezp\u0142atne<\/strong>&nbsp;us\u0142ugi w zakresie:<\/p>\n\n\n\n<p><strong>Diagnozy, konsultacji, porady (SI, psychologicznej, pedagogicznej i logopedycznej) dzieci i m\u0142odzie\u017cy dotycz\u0105cych:<\/strong><\/p>\n\n\n\n<p>&#8211; wczesnego wykrywania zaburze\u0144 rozwojowych,&nbsp;<br>&#8211; okre\u015blania przyczyn trudno\u015bci z przyswajaniem wiedzy z zakresu edukacji przedszkolnej,<br>&#8211; okre\u015blania korzystnych form rozwoju,&nbsp;<br>&#8211; okre\u015blania trudno\u015bci szkolnych (dysleksji, dysortografii, dysgrafii, dyskalkulii),<br>&#8211; okre\u015blania trudno\u015bci wychowawczych,<br>&#8211; wykrywania zak\u0142\u00f3ce\u0144 zachowania (nadpobudliwo\u015b\u0107, zahamowanie),<br>&#8211; wskazywania drogi zaspokojenia potrzeb edukacyjnych uczni\u00f3w zdolnych.<\/p>\n\n\n\n<p><strong>Monitorowania obowi\u0105zku szkolnego &#8211; opiniuje wnioski dotycz\u0105ce m.in.<\/strong>:<\/p>\n\n\n\n<p>&#8211; wcze\u015bniejszego przyj\u0119cia dziecka do szko\u0142y podstawowej lub odroczenia spe\u0142niania obowi\u0105zku szkolnego,&nbsp;<br>&#8211; zezwolenia na indywidualny program lub tok nauki ucznia,&nbsp;<br>&#8211; dostosowania wymaga\u0144 edukacyjnych do indywidualnych potrzeb psychofizycznych i edukacyjnych ucznia, u kt\u00f3rego stwierdzono zaburzenia lub odchylenia rozwojowe lub specyficzne trudno\u015bci w uczeniu si\u0119,&nbsp;<br>&#8211; wyja\u015bniania przyczyn, kt\u00f3re mog\u0105 uzasadnia\u0107 pozostawienie na drugi rok ucznia klas I-III szko\u0142y podstawowej,&nbsp;<br>&#8211; kwalifikowania uczni\u00f3w do klas terapeutycznych i integracyjnych.&nbsp;<\/p>\n\n\n\n<p><strong>Pomocy w postaci:<\/strong><\/p>\n\n\n\n<p>&#8211; indywidualnej terapii pedagogicznej, psychologicznej i logopedycznej, dostosowanej do zdiagnozowanych potrzeb dzieci i m\u0142odzie\u017cy,<br>&#8211; zaj\u0119\u0107 grupowych: terapeutycznych, korekcyjno\u2013kompensacyjnych, edukacyjno-terapeutycznych, profilaktycznych, psychoedukacyjnych,<br>&#8211; comiesi\u0119cznych spotka\u0144 z rodzicami dzieci z nadpobudliwo\u015bci\u0105 psychoruchow\u0105,<br>&#8211; warsztat\u00f3w dla rodzic\u00f3w,&nbsp;<br>&#8211; prelekcji dla rodzic\u00f3w.<\/p>\n","protected":false},"excerpt":{"rendered":"<p>Poradnia Psychologiczno &#8211; Pedagogiczna nr 2 w P\u0142ocku \u015bwiadczy&nbsp;bezp\u0142atne&nbsp;us\u0142ugi w zakresie: Diagnozy, konsultacji, porady (SI, psychologicznej, pedagogicznej i logopedycznej) dzieci i m\u0142odzie\u017cy dotycz\u0105cych: &#8211; wczesnego wykrywania zaburze\u0144 rozwojowych,&nbsp;&#8211; okre\u015blania przyczyn trudno\u015bci z przyswajaniem wiedzy z zakresu edukacji przedszkolnej,&#8211; okre\u015blania korzystnych form rozwoju,&nbsp;&#8211; okre\u015blania trudno\u015bci szkolnych (dysleksji, dysortografii, dysgrafii, dyskalkulii),&#8211; okre\u015blania [&hellip;]<\/p>\n","protected":false},"author":1,"featured_media":0,"parent":0,"menu_order":0,"comment_status":"closed","ping_status":"closed","template":"page-templates\/template-fullwidth.php","meta":{"_monsterinsights_skip_tracking":false,"_monsterinsights_sitenote_active":false,"_monsterinsights_sitenote_note":"","_monsterinsights_sitenote_category":0,"_themeisle_gutenberg_block_has_review":false,"footnotes":""},"class_list":["post-55","page","type-page","status-publish","hentry"],"_links":{"self":[{"href":"https:\/\/poradniaplock2.pl\/index.php?rest_route=\/wp\/v2\/pages\/55","targetHints":{"allow":["GET"]}}],"collection":[{"href":"https:\/\/poradniaplock2.pl\/index.php?rest_route=\/wp\/v2\/pages"}],"about":[{"href":"https:\/\/poradniaplock2.pl\/index.php?rest_route=\/wp\/v2\/types\/page"}],"author":[{"embeddable":true,"href":"https:\/\/poradniaplock2.pl\/index.php?rest_route=\/wp\/v2\/users\/1"}],"replies":[{"embeddable":true,"href":"https:\/\/poradniaplock2.pl\/index.php?rest_route=%2Fwp%2Fv2%2Fcomments&post=55"}],"version-history":[{"count":2,"href":"https:\/\/poradniaplock2.pl\/index.php?rest_route=\/wp\/v2\/pages\/55\/revisions"}],"predecessor-version":[{"id":196,"href":"https:\/\/poradniaplock2.pl\/index.php?rest_route=\/wp\/v2\/pages\/55\/revisions\/196"}],"wp:attachment":[{"href":"https:\/\/poradniaplock2.pl\/index.php?rest_route=%2Fwp%2Fv2%2Fmedia&parent=55"}],"curies":[{"name":"wp","href":"https:\/\/api.w.org\/{rel}","templated":true}]}}