{"id":647,"date":"2020-03-18T21:34:06","date_gmt":"2020-03-18T20:34:06","guid":{"rendered":"http:\/\/poradniaplock2.pl\/?page_id=647"},"modified":"2020-04-28T10:40:20","modified_gmt":"2020-04-28T08:40:20","slug":"cwiczenia-i-zabawy-wiek-przedszkolny","status":"publish","type":"page","link":"https:\/\/poradniaplock2.pl\/?page_id=647","title":{"rendered":"Wsparcie pedagogiczne (wiek przedszkolny)"},"content":{"rendered":"\n<p><strong><em><a href=\"http:\/\/www.poradnia.ugu.pl\/pomoc\/bajkirelaksacyjne.pdf\" target=\"_blank\" rel=\"noreferrer noopener\">Bajki relaksacyjne<\/a><\/em><\/strong><\/p>\n\n\n\n<p><strong><em><a rel=\"noreferrer noopener\" href=\"http:\/\/www.poradnia.ugu.pl\/pomoc\/terapiareki.pdf\" target=\"_blank\">Gry i zabawy w terapii r\u0119ki<\/a><\/em><\/strong><\/p>\n\n\n\n<p><strong><em><a rel=\"noreferrer noopener\" href=\"http:\/\/www.poradnia.ugu.pl\/pomoc\/gra1.pdf\" target=\"_blank\">Gra dla przedszkolak\u00f3w<\/a><\/em><\/strong><\/p>\n\n\n\n<p><strong><em><a rel=\"noreferrer noopener\" href=\"http:\/\/www.poradnia.ugu.pl\/pomoc\/zabawyruchowe.pdf\" target=\"_blank\">Zabawy ruchowe<\/a><\/em><\/strong><\/p>\n\n\n\n<p><strong><em><a rel=\"noreferrer noopener\" aria-label=\"Wiosenny spacer (otwiera si\u0119 na nowej zak\u0142adce)\" href=\"http:\/\/www.poradnia.ugu.pl\/pomoc\/wiosennyspacer.pdf\" target=\"_blank\">Wiosenny spacer<\/a><\/em><\/strong><\/p>\n\n\n\n<p><strong><em><a rel=\"noreferrer noopener\" aria-label=\"Zabawy sensoryczne z ma\u0142ym dzieckiem (otwiera si\u0119 na nowej zak\u0142adce)\" href=\"http:\/\/www.poradnia.ugu.pl\/pomoc\/sensoryczne.pdf\" target=\"_blank\">Zabawy sensoryczne z ma\u0142ym dzieckiem<\/a><\/em><\/strong><\/p>\n\n\n\n<p><strong><em><a href=\"http:\/\/www.poradnia.ugu.pl\/pomoc\/9pomyslow.pdf\" target=\"_blank\" rel=\"noreferrer noopener\" aria-label=\"9 pomys\u0142\u00f3w na zabawy s\u0142uchowe (otwiera si\u0119 na nowej zak\u0142adce)\">9 pomys\u0142\u00f3w na zabawy s\u0142uchowe<\/a><\/em><\/strong><\/p>\n","protected":false},"excerpt":{"rendered":"<p>Bajki relaksacyjne Gry i zabawy w terapii r\u0119ki Gra dla przedszkolak\u00f3w Zabawy ruchowe Wiosenny spacer Zabawy sensoryczne z ma\u0142ym dzieckiem 9 pomys\u0142\u00f3w na zabawy s\u0142uchowe<\/p>\n","protected":false},"author":1,"featured_media":0,"parent":0,"menu_order":0,"comment_status":"closed","ping_status":"closed","template":"","meta":{"_monsterinsights_skip_tracking":false,"_monsterinsights_sitenote_active":false,"_monsterinsights_sitenote_note":"","_monsterinsights_sitenote_category":0,"_themeisle_gutenberg_block_has_review":false,"footnotes":""},"class_list":["post-647","page","type-page","status-publish","hentry"],"_links":{"self":[{"href":"https:\/\/poradniaplock2.pl\/index.php?rest_route=\/wp\/v2\/pages\/647","targetHints":{"allow":["GET"]}}],"collection":[{"href":"https:\/\/poradniaplock2.pl\/index.php?rest_route=\/wp\/v2\/pages"}],"about":[{"href":"https:\/\/poradniaplock2.pl\/index.php?rest_route=\/wp\/v2\/types\/page"}],"author":[{"embeddable":true,"href":"https:\/\/poradniaplock2.pl\/index.php?rest_route=\/wp\/v2\/users\/1"}],"replies":[{"embeddable":true,"href":"https:\/\/poradniaplock2.pl\/index.php?rest_route=%2Fwp%2Fv2%2Fcomments&post=647"}],"version-history":[{"count":22,"href":"https:\/\/poradniaplock2.pl\/index.php?rest_route=\/wp\/v2\/pages\/647\/revisions"}],"predecessor-version":[{"id":960,"href":"https:\/\/poradniaplock2.pl\/index.php?rest_route=\/wp\/v2\/pages\/647\/revisions\/960"}],"wp:attachment":[{"href":"https:\/\/poradniaplock2.pl\/index.php?rest_route=%2Fwp%2Fv2%2Fmedia&parent=647"}],"curies":[{"name":"wp","href":"https:\/\/api.w.org\/{rel}","templated":true}]}}