{"id":67,"date":"2019-04-16T18:07:40","date_gmt":"2019-04-16T16:07:40","guid":{"rendered":"http:\/\/poradniaplock2.pl\/?page_id=67"},"modified":"2019-04-16T21:18:36","modified_gmt":"2019-04-16T19:18:36","slug":"misja","status":"publish","type":"page","link":"https:\/\/poradniaplock2.pl\/?page_id=67","title":{"rendered":"Misja"},"content":{"rendered":"\n<p>Nasza Poradnia jest plac\u00f3wk\u0105 otwart\u0105 i przyjazn\u0105 dla wszystkich, kt\u00f3rzy zg\u0142aszaj\u0105 si\u0119 do nas ze swoimi problemami. Tworzy j\u0105 zesp\u00f3\u0142 ludzi, dla kt\u00f3rych najwi\u0119ksz\u0105 warto\u015bci\u0105 i bogactwem jest cz\u0142owiek. Jeste\u015bmy specjalistami: psychologami, pedagogami, logopedami, kt\u00f3rzy stale rozwijaj\u0105 si\u0119 i doskonal\u0105.<\/p>\n\n\n\n<p>&nbsp; Ka\u017cdy, kto do nas trafi mo\u017ce uzyska\u0107 bezp\u0142atn\u0105 pomoc, Naszymi klientami s\u0105: dzieci, m\u0142odzie\u017c, rodzice i nauczyciele. Wszystkie nasze wysi\u0142ki s\u0105 ukierunkowane na zespo\u0142ow\u0105, wyspecjalizowan\u0105 pomoc. Dbaj\u0105c o ich dobro, podnosimy swoje kwalifikacje, pog\u0142\u0119biamy wiedz\u0119 i umiej\u0119tno\u015bci oferuj\u0105c coraz wy\u017cszy poziom \u015bwiadczonych us\u0142ug.<\/p>\n\n\n\n<p>&nbsp; Potrafimy rozpozna\u0107 i zrozumie\u0107 potrzeby i problemy dzieci i m\u0142odzie\u017cy, zar\u00f3wno w zakresie ich rozwoju intelektualnego, jak i emocjonalnego i spo\u0142ecznego. Dzi\u0119ki naszej fachowej pomocy, nasi klienci mog\u0105 upora\u0107 si\u0119 ze swoimi problemami, pozna\u0107 swoje mocne i s\u0142abe strony, rozwin\u0105\u0107 potencjalne mo\u017cliwo\u015bci i niwelowa\u0107 zaburzenia.<\/p>\n\n\n\n<p>&nbsp; Rozumiej\u0105c, \u017ce ka\u017cdy cz\u0142owiek \u017cyje w konkretnym \u015brodowisku spo\u0142ecznym, wspieramy rodzin\u0119 i szko\u0142\u0119 w realizacji ich funkcji wychowawczych. Nasze dzia\u0142ania s\u0105 dostosowane do zmieniaj\u0105cych si\u0119 warunk\u00f3w spo\u0142eczno-ekonomicznych kraju i naszego regionu. Dostrzegamy wynikaj\u0105ce st\u0105d zagro\u017cenia dla dzieci i m\u0142odzie\u017cy oraz ich rodzin i podejmujemy dzia\u0142ania, kt\u00f3re skutecznie im zapobiegaj\u0105.<\/p>\n\n\n\n<p>&nbsp; Swoje cele realizujemy poprzez dzia\u0142alno\u015b\u0107 diagnostyczn\u0105, profilaktyczn\u0105, terapeutyczn\u0105, doradcz\u0105, interwencyjn\u0105, psychoedukacyjn\u0105, informacyjn\u0105, a tak\u017ce konsultacj\u0119. Tak szeroki zakres \u015bwiadczonych przez nas us\u0142ug gwarantuje uzyskanie efektywnej pomocy.<\/p>\n\n\n\n<p>&nbsp; Szanuj\u0105c naszych klient\u00f3w, stale analizujemy jako\u015b\u0107 naszej pracy i ch\u0119tnie korzystamy z wszelkich uwag i propozycji, kt\u00f3re mog\u0105 j\u0105 podnie\u015b\u0107.<\/p>\n\n\n\n<p>&nbsp; Wychodzimy naprzeciw oczekiwaniom \u015brodowiska. Nasze dzia\u0142ania i zadania, kt\u00f3re sobie stawiamy, s\u0105 ukierunkowane nie tylko na tera\u017aniejszo\u015b\u0107, ale wybiegamy te\u017c w przysz\u0142o\u015b\u0107, dostosowuj\u0105c je do wymaga\u0144 XXI wieku.<\/p>\n\n\n\n<p>&nbsp; Jeste\u015bmy plac\u00f3wk\u0105 nowoczesn\u0105, w kt\u00f3rej wysoko cenione s\u0105 nieprzemijaj\u0105ce warto\u015bci moralno-etyczne.<\/p>\n","protected":false},"excerpt":{"rendered":"<p>Nasza Poradnia jest plac\u00f3wk\u0105 otwart\u0105 i przyjazn\u0105 dla wszystkich, kt\u00f3rzy zg\u0142aszaj\u0105 si\u0119 do nas ze swoimi problemami. Tworzy j\u0105 zesp\u00f3\u0142 ludzi, dla kt\u00f3rych najwi\u0119ksz\u0105 warto\u015bci\u0105 i bogactwem jest cz\u0142owiek. Jeste\u015bmy specjalistami: psychologami, pedagogami, logopedami, kt\u00f3rzy stale rozwijaj\u0105 si\u0119 i doskonal\u0105. &nbsp; Ka\u017cdy, kto do nas trafi mo\u017ce uzyska\u0107 bezp\u0142atn\u0105 pomoc, [&hellip;]<\/p>\n","protected":false},"author":1,"featured_media":0,"parent":0,"menu_order":0,"comment_status":"closed","ping_status":"closed","template":"page-templates\/template-fullwidth.php","meta":{"_monsterinsights_skip_tracking":false,"_monsterinsights_sitenote_active":false,"_monsterinsights_sitenote_note":"","_monsterinsights_sitenote_category":0,"_themeisle_gutenberg_block_has_review":false,"footnotes":""},"class_list":["post-67","page","type-page","status-publish","hentry"],"_links":{"self":[{"href":"https:\/\/poradniaplock2.pl\/index.php?rest_route=\/wp\/v2\/pages\/67","targetHints":{"allow":["GET"]}}],"collection":[{"href":"https:\/\/poradniaplock2.pl\/index.php?rest_route=\/wp\/v2\/pages"}],"about":[{"href":"https:\/\/poradniaplock2.pl\/index.php?rest_route=\/wp\/v2\/types\/page"}],"author":[{"embeddable":true,"href":"https:\/\/poradniaplock2.pl\/index.php?rest_route=\/wp\/v2\/users\/1"}],"replies":[{"embeddable":true,"href":"https:\/\/poradniaplock2.pl\/index.php?rest_route=%2Fwp%2Fv2%2Fcomments&post=67"}],"version-history":[{"count":2,"href":"https:\/\/poradniaplock2.pl\/index.php?rest_route=\/wp\/v2\/pages\/67\/revisions"}],"predecessor-version":[{"id":194,"href":"https:\/\/poradniaplock2.pl\/index.php?rest_route=\/wp\/v2\/pages\/67\/revisions\/194"}],"wp:attachment":[{"href":"https:\/\/poradniaplock2.pl\/index.php?rest_route=%2Fwp%2Fv2%2Fmedia&parent=67"}],"curies":[{"name":"wp","href":"https:\/\/api.w.org\/{rel}","templated":true}]}}