{"id":801,"date":"2020-03-30T20:35:57","date_gmt":"2020-03-30T18:35:57","guid":{"rendered":"http:\/\/poradniaplock2.pl\/?page_id=801"},"modified":"2020-05-20T21:56:24","modified_gmt":"2020-05-20T19:56:24","slug":"cwiczenia-i-zabawy-wiek-starszy-szkolny-wsparcie-z-zakresu-matematyki","status":"publish","type":"page","link":"https:\/\/poradniaplock2.pl\/?page_id=801","title":{"rendered":"Wsparcie w zakresie matematyki (starszy wiek szkolny)"},"content":{"rendered":"\n<p><strong><em><a href=\"http:\/\/www.poradnia.ugu.pl\/pomoc\/lamiglowki2.pdf\" target=\"_blank\" rel=\"noreferrer noopener\">\u0141amig\u0142\u00f3wki m\u0105drej g\u0142\u00f3wki cz. II<\/a><\/em><\/strong><\/p>\n\n\n\n<p><strong><em><a rel=\"noreferrer noopener\" href=\"http:\/\/www.poradnia.ugu.pl\/pomoc\/pozycyjny.pdf\" target=\"_blank\">Dziesi\u0105tkowy system pozycyjny<\/a><\/em><\/strong><\/p>\n\n\n\n<p><strong><em><a rel=\"noreferrer noopener\" aria-label=\"Mo\u017cesz zosta\u0107 Mistrzem Mno\u017cenia (otwiera si\u0119 na nowej zak\u0142adce)\" href=\"http:\/\/www.poradnia.ugu.pl\/pomoc\/mnozenie.pdf\" target=\"_blank\">Mo\u017cesz zosta\u0107 Mistrzem Mno\u017cenia<\/a><\/em>&nbsp;<\/strong><\/p>\n\n\n\n<p><strong><em><a rel=\"noreferrer noopener\" aria-label=\"Dodawanie i odejmowanie (otwiera si\u0119 na nowej zak\u0142adce)\" href=\"http:\/\/www.poradnia.ugu.pl\/pomoc\/dodawanie.pdf\" target=\"_blank\">Dodawanie i odejmowanie<\/a><\/em><\/strong><\/p>\n","protected":false},"excerpt":{"rendered":"<p>\u0141amig\u0142\u00f3wki m\u0105drej g\u0142\u00f3wki cz. II Dziesi\u0105tkowy system pozycyjny Mo\u017cesz zosta\u0107 Mistrzem Mno\u017cenia&nbsp; Dodawanie i odejmowanie<\/p>\n","protected":false},"author":1,"featured_media":0,"parent":0,"menu_order":0,"comment_status":"closed","ping_status":"closed","template":"","meta":{"_monsterinsights_skip_tracking":false,"_monsterinsights_sitenote_active":false,"_monsterinsights_sitenote_note":"","_monsterinsights_sitenote_category":0,"_themeisle_gutenberg_block_has_review":false,"footnotes":""},"class_list":["post-801","page","type-page","status-publish","hentry"],"_links":{"self":[{"href":"https:\/\/poradniaplock2.pl\/index.php?rest_route=\/wp\/v2\/pages\/801","targetHints":{"allow":["GET"]}}],"collection":[{"href":"https:\/\/poradniaplock2.pl\/index.php?rest_route=\/wp\/v2\/pages"}],"about":[{"href":"https:\/\/poradniaplock2.pl\/index.php?rest_route=\/wp\/v2\/types\/page"}],"author":[{"embeddable":true,"href":"https:\/\/poradniaplock2.pl\/index.php?rest_route=\/wp\/v2\/users\/1"}],"replies":[{"embeddable":true,"href":"https:\/\/poradniaplock2.pl\/index.php?rest_route=%2Fwp%2Fv2%2Fcomments&post=801"}],"version-history":[{"count":6,"href":"https:\/\/poradniaplock2.pl\/index.php?rest_route=\/wp\/v2\/pages\/801\/revisions"}],"predecessor-version":[{"id":1106,"href":"https:\/\/poradniaplock2.pl\/index.php?rest_route=\/wp\/v2\/pages\/801\/revisions\/1106"}],"wp:attachment":[{"href":"https:\/\/poradniaplock2.pl\/index.php?rest_route=%2Fwp%2Fv2%2Fmedia&parent=801"}],"curies":[{"name":"wp","href":"https:\/\/api.w.org\/{rel}","templated":true}]}}