{"id":843,"date":"2020-04-05T21:02:51","date_gmt":"2020-04-05T19:02:51","guid":{"rendered":"http:\/\/poradniaplock2.pl\/?page_id=843"},"modified":"2022-02-27T12:21:47","modified_gmt":"2022-02-27T11:21:47","slug":"codziennik-beaty-sikory","status":"publish","type":"page","link":"https:\/\/poradniaplock2.pl\/?page_id=843","title":{"rendered":"Codziennik"},"content":{"rendered":"\n<p><strong><em><a rel=\"noreferrer noopener\" href=\"http:\/\/www.poradnia.ugu.pl\/pomoc\/dzien17.pdf\" target=\"_blank\">Dzie\u0144 siedemnasty<\/a><\/em><\/strong><\/p>\n\n\n\n<p><strong><em><a rel=\"noreferrer noopener\" href=\"http:\/\/www.poradnia.ugu.pl\/pomoc\/dzien16.pdf\" target=\"_blank\">Dzie\u0144 szesnasty<\/a><\/em><\/strong><\/p>\n\n\n\n<p><strong><em><a rel=\"noreferrer noopener\" href=\"http:\/\/www.poradnia.ugu.pl\/pomoc\/dzien15.pdf\" target=\"_blank\">Dzie\u0144 pi\u0119tnasty<\/a><\/em><\/strong><\/p>\n\n\n\n<p><strong><em><a rel=\"noreferrer noopener\" href=\"http:\/\/www.poradnia.ugu.pl\/pomoc\/dzien14.pdf\" target=\"_blank\">Dzie\u0144 czternasty<\/a><\/em><\/strong><\/p>\n\n\n\n<p><strong><em><a rel=\"noreferrer noopener\" aria-label=\"Dzie\u0144 trzynasty (otwiera si\u0119 na nowej zak\u0142adce)\" href=\"http:\/\/www.poradnia.ugu.pl\/pomoc\/dzien13.pdf\" target=\"_blank\">Dzie\u0144 trzynasty<\/a><\/em><\/strong><\/p>\n\n\n\n<p><strong><em><a rel=\"noreferrer noopener\" aria-label=\"Dzie\u0144 dwunasty (otwiera si\u0119 na nowej zak\u0142adce)\" href=\"http:\/\/www.poradnia.ugu.pl\/pomoc\/dzien12.pdf\" target=\"_blank\">Dzie\u0144 dwunasty<\/a><\/em><\/strong><\/p>\n\n\n\n<p><strong><em><a rel=\"noreferrer noopener\" aria-label=\"Dzie\u0144 jedenasty (otwiera si\u0119 na nowej zak\u0142adce)\" href=\"http:\/\/www.poradnia.ugu.pl\/pomoc\/dzien11.pdf\" target=\"_blank\">Dzie\u0144 jedenasty<\/a><\/em><\/strong><\/p>\n\n\n\n<p><strong><em><a rel=\"noreferrer noopener\" aria-label=\"Dzie\u0144 dziesi\u0105ty (otwiera si\u0119 na nowej zak\u0142adce)\" href=\"http:\/\/www.poradnia.ugu.pl\/pomoc\/dzien10.pdf\" target=\"_blank\">Dzie\u0144 dziesi\u0105ty<\/a><\/em><\/strong><\/p>\n\n\n\n<p><strong><em><a rel=\"noreferrer noopener\" aria-label=\"Dzie\u0144 dziewi\u0105ty (otwiera si\u0119 na nowej zak\u0142adce)\" href=\"http:\/\/www.poradnia.ugu.pl\/pomoc\/dzien9.pdf\" target=\"_blank\">Dzie\u0144 dziewi\u0105ty<\/a><\/em><\/strong><\/p>\n\n\n\n<p><strong><em><a rel=\"noreferrer noopener\" aria-label=\"Dzie\u0144 \u00f3smy (otwiera si\u0119 na nowej zak\u0142adce)\" href=\"http:\/\/www.poradnia.ugu.pl\/pomoc\/dzien8.pdf\" target=\"_blank\">Dzie\u0144 \u00f3smy<\/a><\/em><\/strong><\/p>\n\n\n\n<p><strong><em><a rel=\"noreferrer noopener\" href=\"http:\/\/www.poradnia.ugu.pl\/pomoc\/dzien7.pdf\" target=\"_blank\">Dzie\u0144 si\u00f3dmy<\/a><\/em><\/strong><\/p>\n\n\n\n<p><strong><em><a rel=\"noreferrer noopener\" href=\"http:\/\/www.poradnia.ugu.pl\/pomoc\/dzien6.pdf\" target=\"_blank\">Dzie\u0144 sz\u00f3sty<\/a><\/em><\/strong><\/p>\n\n\n\n<p><strong><em><a rel=\"noreferrer noopener\" href=\"http:\/\/www.poradnia.ugu.pl\/pomoc\/dzien5.pdf\" target=\"_blank\">Dzie\u0144 pi\u0105ty<\/a><\/em><\/strong><\/p>\n\n\n\n<p><strong><em><a rel=\"noreferrer noopener\" href=\"http:\/\/www.poradnia.ugu.pl\/pomoc\/dzien4.pdf\" target=\"_blank\">Dzie\u0144 czwarty<\/a><\/em><\/strong><\/p>\n\n\n\n<p><strong><em><a rel=\"noreferrer noopener\" href=\"http:\/\/www.poradnia.ugu.pl\/pomoc\/dzien3.pdf\" target=\"_blank\">Dzie\u0144 trzeci<\/a><\/em><\/strong><\/p>\n\n\n\n<p><strong><em><a rel=\"noreferrer noopener\" href=\"http:\/\/www.poradnia.ugu.pl\/pomoc\/dzien2.pdf\" target=\"_blank\">Dzie\u0144 drugi<\/a><\/em><\/strong><\/p>\n\n\n\n<p><strong><em><a rel=\"noreferrer noopener\" aria-label=\"Dzie\u0144 pierwszy (otwiera si\u0119 na nowej zak\u0142adce)\" href=\"http:\/\/www.poradnia.ugu.pl\/pomoc\/dzien1.pdf\" target=\"_blank\">Dzie\u0144 pierwszy<\/a><\/em><\/strong><\/p>\n\n\n\n<p>Opracowa\u0142a Beata Sikora<\/p>\n","protected":false},"excerpt":{"rendered":"<p>Dzie\u0144 siedemnasty Dzie\u0144 szesnasty Dzie\u0144 pi\u0119tnasty Dzie\u0144 czternasty Dzie\u0144 trzynasty Dzie\u0144 dwunasty Dzie\u0144 jedenasty Dzie\u0144 dziesi\u0105ty Dzie\u0144 dziewi\u0105ty Dzie\u0144 \u00f3smy Dzie\u0144 si\u00f3dmy Dzie\u0144 sz\u00f3sty Dzie\u0144 pi\u0105ty Dzie\u0144 czwarty Dzie\u0144 trzeci Dzie\u0144 drugi Dzie\u0144 pierwszy Opracowa\u0142a Beata Sikora<\/p>\n","protected":false},"author":1,"featured_media":483,"parent":0,"menu_order":0,"comment_status":"closed","ping_status":"closed","template":"","meta":{"_monsterinsights_skip_tracking":false,"_monsterinsights_sitenote_active":false,"_monsterinsights_sitenote_note":"","_monsterinsights_sitenote_category":0,"_themeisle_gutenberg_block_has_review":false,"footnotes":""},"class_list":["post-843","page","type-page","status-publish","has-post-thumbnail","hentry"],"_links":{"self":[{"href":"https:\/\/poradniaplock2.pl\/index.php?rest_route=\/wp\/v2\/pages\/843","targetHints":{"allow":["GET"]}}],"collection":[{"href":"https:\/\/poradniaplock2.pl\/index.php?rest_route=\/wp\/v2\/pages"}],"about":[{"href":"https:\/\/poradniaplock2.pl\/index.php?rest_route=\/wp\/v2\/types\/page"}],"author":[{"embeddable":true,"href":"https:\/\/poradniaplock2.pl\/index.php?rest_route=\/wp\/v2\/users\/1"}],"replies":[{"embeddable":true,"href":"https:\/\/poradniaplock2.pl\/index.php?rest_route=%2Fwp%2Fv2%2Fcomments&post=843"}],"version-history":[{"count":5,"href":"https:\/\/poradniaplock2.pl\/index.php?rest_route=\/wp\/v2\/pages\/843\/revisions"}],"predecessor-version":[{"id":867,"href":"https:\/\/poradniaplock2.pl\/index.php?rest_route=\/wp\/v2\/pages\/843\/revisions\/867"}],"wp:featuredmedia":[{"embeddable":true,"href":"https:\/\/poradniaplock2.pl\/index.php?rest_route=\/wp\/v2\/media\/483"}],"wp:attachment":[{"href":"https:\/\/poradniaplock2.pl\/index.php?rest_route=%2Fwp%2Fv2%2Fmedia&parent=843"}],"curies":[{"name":"wp","href":"https:\/\/api.w.org\/{rel}","templated":true}]}}